{"id":12,"date":"2021-03-09T18:42:19","date_gmt":"2021-03-09T17:42:19","guid":{"rendered":"http:\/\/ajsprl.saussus.be\/?page_id=12"},"modified":"2022-12-05T13:01:25","modified_gmt":"2022-12-05T12:01:25","slug":"atelier-jordens","status":"publish","type":"page","link":"https:\/\/www.ajsprl.be\/","title":{"rendered":"Accueil"},"content":{"rendered":"","protected":false},"excerpt":{"rendered":"","protected":false},"author":1,"featured_media":0,"parent":0,"menu_order":0,"comment_status":"closed","ping_status":"closed","template":"template-frontpage.php","meta":{"footnotes":""},"class_list":["post-12","page","type-page","status-publish","hentry"],"yoast_head":"<!-- This site is optimized with the Yoast SEO plugin v27.5 - https:\/\/yoast.com\/product\/yoast-seo-wordpress\/ -->\n<title>Atelier Jordens - Maintenance et parach\u00e8vement<\/title>\n<meta name=\"description\" content=\"Atelier Jordens Soci\u00e9t\u00e9 sp\u00e9cialis\u00e9e en maintenance dans diff\u00e9rents aspects de la r\u00e9novation pour des solutions adapt\u00e9es \u00e0 vos exigences.\" \/>\n<meta name=\"robots\" content=\"index, follow, max-snippet:-1, max-image-preview:large, max-video-preview:-1\" \/>\n<link rel=\"canonical\" href=\"https:\/\/www.ajsprl.be\/\" \/>\n<meta property=\"og:locale\" content=\"fr_FR\" \/>\n<meta property=\"og:type\" content=\"article\" \/>\n<meta property=\"og:title\" content=\"Atelier Jordens - Maintenance et parach\u00e8vement\" \/>\n<meta property=\"og:description\" content=\"Atelier Jordens Soci\u00e9t\u00e9 sp\u00e9cialis\u00e9e en maintenance dans diff\u00e9rents aspects de la r\u00e9novation pour des solutions adapt\u00e9es \u00e0 vos exigences.\" \/>\n<meta property=\"og:url\" content=\"https:\/\/www.ajsprl.be\/\" \/>\n<meta property=\"og:site_name\" content=\"Atelier Jordens\" \/>\n<meta property=\"article:modified_time\" content=\"2022-12-05T12:01:25+00:00\" \/>\n<meta name=\"twitter:card\" content=\"summary_large_image\" \/>\n<script type=\"application\/ld+json\" class=\"yoast-schema-graph\">{\"@context\":\"https:\\\/\\\/schema.org\",\"@graph\":[{\"@type\":\"WebPage\",\"@id\":\"https:\\\/\\\/www.ajsprl.be\\\/\",\"url\":\"https:\\\/\\\/www.ajsprl.be\\\/\",\"name\":\"Atelier Jordens - Maintenance et parach\u00e8vement\",\"isPartOf\":{\"@id\":\"https:\\\/\\\/www.ajsprl.be\\\/#website\"},\"datePublished\":\"2021-03-09T17:42:19+00:00\",\"dateModified\":\"2022-12-05T12:01:25+00:00\",\"description\":\"Atelier Jordens Soci\u00e9t\u00e9 sp\u00e9cialis\u00e9e en maintenance dans diff\u00e9rents aspects de la r\u00e9novation pour des solutions adapt\u00e9es \u00e0 vos exigences.\",\"breadcrumb\":{\"@id\":\"https:\\\/\\\/www.ajsprl.be\\\/#breadcrumb\"},\"inLanguage\":\"fr-FR\",\"potentialAction\":[{\"@type\":\"ReadAction\",\"target\":[\"https:\\\/\\\/www.ajsprl.be\\\/\"]}]},{\"@type\":\"BreadcrumbList\",\"@id\":\"https:\\\/\\\/www.ajsprl.be\\\/#breadcrumb\",\"itemListElement\":[{\"@type\":\"ListItem\",\"position\":1,\"name\":\"Accueil\",\"item\":\"https:\\\/\\\/www.ajsprl.be\\\/\"},{\"@type\":\"ListItem\",\"position\":2,\"name\":\"Accueil\"}]},{\"@type\":\"WebSite\",\"@id\":\"https:\\\/\\\/www.ajsprl.be\\\/#website\",\"url\":\"https:\\\/\\\/www.ajsprl.be\\\/\",\"name\":\"Atelier Jordens\",\"description\":\"Maintenance et parach\u00e8vement\",\"publisher\":{\"@id\":\"https:\\\/\\\/www.ajsprl.be\\\/#organization\"},\"potentialAction\":[{\"@type\":\"SearchAction\",\"target\":{\"@type\":\"EntryPoint\",\"urlTemplate\":\"https:\\\/\\\/www.ajsprl.be\\\/?s={search_term_string}\"},\"query-input\":{\"@type\":\"PropertyValueSpecification\",\"valueRequired\":true,\"valueName\":\"search_term_string\"}}],\"inLanguage\":\"fr-FR\"},{\"@type\":\"Organization\",\"@id\":\"https:\\\/\\\/www.ajsprl.be\\\/#organization\",\"name\":\"Atelier Jordens\",\"url\":\"https:\\\/\\\/www.ajsprl.be\\\/\",\"logo\":{\"@type\":\"ImageObject\",\"inLanguage\":\"fr-FR\",\"@id\":\"https:\\\/\\\/www.ajsprl.be\\\/#\\\/schema\\\/logo\\\/image\\\/\",\"url\":\"https:\\\/\\\/www.ajsprl.be\\\/wp-content\\\/uploads\\\/2021\\\/03\\\/AJSPRL.png\",\"contentUrl\":\"https:\\\/\\\/www.ajsprl.be\\\/wp-content\\\/uploads\\\/2021\\\/03\\\/AJSPRL.png\",\"width\":119,\"height\":77,\"caption\":\"Atelier Jordens\"},\"image\":{\"@id\":\"https:\\\/\\\/www.ajsprl.be\\\/#\\\/schema\\\/logo\\\/image\\\/\"}}]}<\/script>\n<!-- \/ Yoast SEO plugin. -->","yoast_head_json":{"title":"Atelier Jordens - Maintenance et parach\u00e8vement","description":"Atelier Jordens Soci\u00e9t\u00e9 sp\u00e9cialis\u00e9e en maintenance dans diff\u00e9rents aspects de la r\u00e9novation pour des solutions adapt\u00e9es \u00e0 vos exigences.","robots":{"index":"index","follow":"follow","max-snippet":"max-snippet:-1","max-image-preview":"max-image-preview:large","max-video-preview":"max-video-preview:-1"},"canonical":"https:\/\/www.ajsprl.be\/","og_locale":"fr_FR","og_type":"article","og_title":"Atelier Jordens - Maintenance et parach\u00e8vement","og_description":"Atelier Jordens Soci\u00e9t\u00e9 sp\u00e9cialis\u00e9e en maintenance dans diff\u00e9rents aspects de la r\u00e9novation pour des solutions adapt\u00e9es \u00e0 vos exigences.","og_url":"https:\/\/www.ajsprl.be\/","og_site_name":"Atelier Jordens","article_modified_time":"2022-12-05T12:01:25+00:00","twitter_card":"summary_large_image","schema":{"@context":"https:\/\/schema.org","@graph":[{"@type":"WebPage","@id":"https:\/\/www.ajsprl.be\/","url":"https:\/\/www.ajsprl.be\/","name":"Atelier Jordens - Maintenance et parach\u00e8vement","isPartOf":{"@id":"https:\/\/www.ajsprl.be\/#website"},"datePublished":"2021-03-09T17:42:19+00:00","dateModified":"2022-12-05T12:01:25+00:00","description":"Atelier Jordens Soci\u00e9t\u00e9 sp\u00e9cialis\u00e9e en maintenance dans diff\u00e9rents aspects de la r\u00e9novation pour des solutions adapt\u00e9es \u00e0 vos exigences.","breadcrumb":{"@id":"https:\/\/www.ajsprl.be\/#breadcrumb"},"inLanguage":"fr-FR","potentialAction":[{"@type":"ReadAction","target":["https:\/\/www.ajsprl.be\/"]}]},{"@type":"BreadcrumbList","@id":"https:\/\/www.ajsprl.be\/#breadcrumb","itemListElement":[{"@type":"ListItem","position":1,"name":"Accueil","item":"https:\/\/www.ajsprl.be\/"},{"@type":"ListItem","position":2,"name":"Accueil"}]},{"@type":"WebSite","@id":"https:\/\/www.ajsprl.be\/#website","url":"https:\/\/www.ajsprl.be\/","name":"Atelier Jordens","description":"Maintenance et parach\u00e8vement","publisher":{"@id":"https:\/\/www.ajsprl.be\/#organization"},"potentialAction":[{"@type":"SearchAction","target":{"@type":"EntryPoint","urlTemplate":"https:\/\/www.ajsprl.be\/?s={search_term_string}"},"query-input":{"@type":"PropertyValueSpecification","valueRequired":true,"valueName":"search_term_string"}}],"inLanguage":"fr-FR"},{"@type":"Organization","@id":"https:\/\/www.ajsprl.be\/#organization","name":"Atelier Jordens","url":"https:\/\/www.ajsprl.be\/","logo":{"@type":"ImageObject","inLanguage":"fr-FR","@id":"https:\/\/www.ajsprl.be\/#\/schema\/logo\/image\/","url":"https:\/\/www.ajsprl.be\/wp-content\/uploads\/2021\/03\/AJSPRL.png","contentUrl":"https:\/\/www.ajsprl.be\/wp-content\/uploads\/2021\/03\/AJSPRL.png","width":119,"height":77,"caption":"Atelier Jordens"},"image":{"@id":"https:\/\/www.ajsprl.be\/#\/schema\/logo\/image\/"}}]}},"_links":{"self":[{"href":"https:\/\/www.ajsprl.be\/index.php\/wp-json\/wp\/v2\/pages\/12","targetHints":{"allow":["GET"]}}],"collection":[{"href":"https:\/\/www.ajsprl.be\/index.php\/wp-json\/wp\/v2\/pages"}],"about":[{"href":"https:\/\/www.ajsprl.be\/index.php\/wp-json\/wp\/v2\/types\/page"}],"author":[{"embeddable":true,"href":"https:\/\/www.ajsprl.be\/index.php\/wp-json\/wp\/v2\/users\/1"}],"replies":[{"embeddable":true,"href":"https:\/\/www.ajsprl.be\/index.php\/wp-json\/wp\/v2\/comments?post=12"}],"version-history":[{"count":1,"href":"https:\/\/www.ajsprl.be\/index.php\/wp-json\/wp\/v2\/pages\/12\/revisions"}],"predecessor-version":[{"id":14,"href":"https:\/\/www.ajsprl.be\/index.php\/wp-json\/wp\/v2\/pages\/12\/revisions\/14"}],"wp:attachment":[{"href":"https:\/\/www.ajsprl.be\/index.php\/wp-json\/wp\/v2\/media?parent=12"}],"curies":[{"name":"wp","href":"https:\/\/api.w.org\/{rel}","templated":true}]}}